{"id":1844,"date":"2023-03-30T08:54:29","date_gmt":"2023-03-30T06:54:29","guid":{"rendered":"https:\/\/alborada.org.89-6-227-104.89-6-227-104.visualpublinet.com\/empleo-2\/"},"modified":"2025-04-22T12:46:40","modified_gmt":"2025-04-22T10:46:40","slug":"empleo-2","status":"publish","type":"page","link":"https:\/\/alborada.org\/gl\/empleo-2\/","title":{"rendered":"Emprego"},"content":{"rendered":"<p>[et_pb_section fb_built=&#8221;1&#8243; custom_padding_last_edited=&#8221;on|tablet&#8221; admin_label=&#8221;Header&#8221; _builder_version=&#8221;4.20.0&#8243; background_color=&#8221;rgba(160,229,197,0.47)&#8221; background_enable_image=&#8221;off&#8221; background_size=&#8221;initial&#8221; background_position=&#8221;bottom_center&#8221; background_enable_pattern_style=&#8221;on&#8221; background_pattern_style=&#8221;honeycomb&#8221; background_pattern_color=&#8221;rgba(255,255,255,0.2)&#8221; background_enable_mask_style=&#8221;on&#8221; background_mask_color=&#8221;#FFFFFF&#8221; positioning=&#8221;none&#8221; custom_padding=&#8221;80px|0px|120px|0px|false|false&#8221; custom_padding_tablet=&#8221;20px|0px|20px|0px|false|false&#8221; custom_padding_phone=&#8221;20px|0px|20px|0px|false|false&#8221; bottom_divider_style=&#8221;wave2&#8243; bottom_divider_color=&#8221;#FFFFFF&#8221; border_color_top=&#8221;rgba(193,230,213,0.65)&#8221; border_color_bottom=&#8221;rgba(193,230,213,0.65)&#8221; locked=&#8221;off&#8221; global_colors_info=&#8221;{}&#8221;][et_pb_row column_structure=&#8221;2_5,3_5&#8243; make_equal=&#8221;on&#8221; _builder_version=&#8221;4.20.0&#8243; positioning=&#8221;none&#8221; width=&#8221;90%&#8221; max_width=&#8221;1720px&#8221; module_alignment=&#8221;center&#8221; custom_padding=&#8221;|0px|0px|0px|false|false&#8221; global_colors_info=&#8221;{}&#8221; custom_css_main_element_last_edited=&#8221;on|phone&#8221;][et_pb_column type=&#8221;2_5&#8243; _builder_version=&#8221;4.20.0&#8243; custom_padding=&#8221;||||false|false&#8221; custom_padding_tablet=&#8221;40px|||&#8221; custom_padding_phone=&#8221;40px|||&#8221; custom_padding_last_edited=&#8221;on|tablet&#8221; global_colors_info=&#8221;{}&#8221; custom_padding__hover=&#8221;|||&#8221;][et_pb_text _builder_version=&#8221;4.20.0&#8243; text_font=&#8221;||||||||&#8221; text_font_size=&#8221;20px&#8221; text_line_height=&#8221;1.8em&#8221; header_font=&#8221;Lato|900|||||||&#8221; header_font_size=&#8221;90px&#8221; header_line_height=&#8221;1.2em&#8221; custom_margin=&#8221;20px||0px||false|false&#8221; custom_margin_tablet=&#8221;||30px|&#8221; custom_margin_phone=&#8221;&#8221; custom_margin_last_edited=&#8221;on|tablet&#8221; text_font_size_tablet=&#8221;17px&#8221; text_font_size_phone=&#8221;16px&#8221; text_font_size_last_edited=&#8221;on|phone&#8221; header_font_size_tablet=&#8221;50px&#8221; header_font_size_phone=&#8221;32px&#8221; header_font_size_last_edited=&#8221;on|phone&#8221; text_orientation_tablet=&#8221;center&#8221; text_orientation_phone=&#8221;center&#8221; text_orientation_last_edited=&#8221;on|tablet&#8221; global_colors_info=&#8221;{}&#8221;]Inicio \/ <strong>Emprego<\/strong>[\/et_pb_text][et_pb_text _builder_version=&#8221;4.20.0&#8243; _module_preset=&#8221;default&#8221; header_font=&#8221;Exo|900|||||||&#8221; header_text_color=&#8221;#0d0f0e&#8221; header_font_size=&#8221;5vw&#8221; header_2_font=&#8221;Exo|900|||||||&#8221; header_2_text_color=&#8221;#0d0f0e&#8221; header_2_font_size=&#8221;3vw&#8221; header_3_font=&#8221;Exo|900|||||||&#8221; header_3_text_color=&#8221;#0d0f0e&#8221; header_3_font_size=&#8221;6vw&#8221; custom_margin=&#8221;0px||||false|false&#8221; header_text_align_tablet=&#8221;center&#8221; header_text_align_phone=&#8221;center&#8221; header_text_align_last_edited=&#8221;on|tablet&#8221; header_font_size_tablet=&#8221;56px&#8221; header_font_size_phone=&#8221;36px&#8221; header_font_size_last_edited=&#8221;on|tablet&#8221; header_2_font_size_tablet=&#8221;36px&#8221; header_2_font_size_phone=&#8221;36px&#8221; header_2_font_size_last_edited=&#8221;on|tablet&#8221; header_3_text_align_tablet=&#8221;center&#8221; header_3_text_align_phone=&#8221;center&#8221; header_3_text_align_last_edited=&#8221;on|tablet&#8221; header_3_font_size_tablet=&#8221;56px&#8221; header_3_font_size_phone=&#8221;36px&#8221; header_3_font_size_last_edited=&#8221;on|tablet&#8221; global_colors_info=&#8221;{}&#8221;]<\/p>\n<h1>Emprego<\/h1>\n<p>[\/et_pb_text][et_pb_text _builder_version=&#8221;4.20.0&#8243; _module_preset=&#8221;default&#8221; text_font_size_tablet=&#8221;&#8221; text_font_size_phone=&#8221;17px&#8221; text_font_size_last_edited=&#8221;on|phone&#8221; global_colors_info=&#8221;{}&#8221;]<\/p>\n<p>Env\u00edanos o teu CV a trav\u00e9s do seguinte formulario.<\/p>\n<p>[\/et_pb_text][\/et_pb_column][et_pb_column type=&#8221;3_5&#8243; _builder_version=&#8221;4.20.0&#8243; positioning=&#8221;none&#8221; custom_padding=&#8221;|||&#8221; global_colors_info=&#8221;{}&#8221; custom_padding__hover=&#8221;|||&#8221;][et_pb_text _builder_version=&#8221;4.20.0&#8243; _module_preset=&#8221;default&#8221; text_font_size_tablet=&#8221;&#8221; text_font_size_phone=&#8221;16px&#8221; text_font_size_last_edited=&#8221;on|phone&#8221; global_colors_info=&#8221;{}&#8221;]<\/p>\n\n<div class=\"wpcf7 no-js\" id=\"wpcf7-f1986-o1\" lang=\"gl-ES\" dir=\"ltr\" data-wpcf7-id=\"1986\">\n<div class=\"screen-reader-response\"><p role=\"status\" aria-live=\"polite\" aria-atomic=\"true\"><\/p> <ul><\/ul><\/div>\n<form action=\"\/gl\/wp-json\/wp\/v2\/pages\/1844#wpcf7-f1986-o1\" method=\"post\" class=\"wpcf7-form init\" aria-label=\"Formulario de contacto\" enctype=\"multipart\/form-data\" novalidate=\"novalidate\" data-status=\"init\">\n<fieldset class=\"hidden-fields-container\"><input type=\"hidden\" name=\"_wpcf7\" value=\"1986\" \/><input type=\"hidden\" name=\"_wpcf7_version\" value=\"6.1.4\" \/><input type=\"hidden\" name=\"_wpcf7_locale\" value=\"gl_ES\" \/><input type=\"hidden\" name=\"_wpcf7_unit_tag\" value=\"wpcf7-f1986-o1\" \/><input type=\"hidden\" name=\"_wpcf7_container_post\" value=\"0\" \/><input type=\"hidden\" name=\"_wpcf7_posted_data_hash\" value=\"\" \/>\n<\/fieldset>\n<div class=\"fila\">\n\t<div class=\"col-1-2\">\n\t\t<p><span class=\"wpcf7-form-control-wrap\" data-name=\"your-name\"><input size=\"40\" maxlength=\"400\" class=\"wpcf7-form-control wpcf7-text\" aria-invalid=\"false\" placeholder=\"Nome (opcional)\" value=\"\" type=\"text\" name=\"your-name\" \/><\/span>\n\t\t<\/p>\n\t<\/div>\n\t<div class=\"col-1-2\">\n\t\t<p><span class=\"wpcf7-form-control-wrap\" data-name=\"apellido\"><input size=\"40\" maxlength=\"400\" class=\"wpcf7-form-control wpcf7-text\" aria-invalid=\"false\" placeholder=\"Apelidos (opcional)\" value=\"\" type=\"text\" name=\"apellido\" \/><\/span>\n\t\t<\/p>\n\t<\/div>\n<\/div>\n<div class=\"fila\">\n\t<div class=\"col-1-2\">\n\t\t<p><span class=\"wpcf7-form-control-wrap\" data-name=\"your-email\"><input size=\"40\" maxlength=\"400\" class=\"wpcf7-form-control wpcf7-email wpcf7-text wpcf7-validates-as-email\" aria-invalid=\"false\" placeholder=\"Email (opcional)\" value=\"\" type=\"email\" name=\"your-email\" \/><\/span>\n\t\t<\/p>\n\t<\/div>\n\t<div class=\"col-1-2\">\n\t\t<p><span class=\"wpcf7-form-control-wrap\" data-name=\"tel-750\"><input size=\"40\" maxlength=\"400\" class=\"wpcf7-form-control wpcf7-tel wpcf7-text wpcf7-validates-as-tel\" aria-invalid=\"false\" placeholder=\"Tel\u00e9fono (opcional)\" value=\"\" type=\"tel\" name=\"tel-750\" \/><\/span>\n\t\t<\/p>\n\t<\/div>\n<\/div>\n<div class=\"fila\">\n\t<div class=\"col-1\">\n\t\t<p><span class=\"wpcf7-form-control-wrap\" data-name=\"your-message\"><textarea cols=\"40\" rows=\"10\" maxlength=\"2000\" class=\"wpcf7-form-control wpcf7-textarea\" aria-invalid=\"false\" placeholder=\"Carta de presentaci\u00f3n (opcional)\" name=\"your-message\"><\/textarea><\/span>\n\t\t<\/p>\n\t<\/div>\n<\/div>\n<div class=\"fila\">\n\t<div class=\"col-1\">\n\t\t<p><label> Adxunta aqu\u00ed o teu curriculo (Tama\u00f1o m\u00e1ximo: 10MB | formatos aceptados: .pdf, .doc, .docx)<br \/>\n<span class=\"wpcf7-form-control-wrap\" data-name=\"file-274\"><input size=\"40\" class=\"wpcf7-form-control wpcf7-file wpcf7-validates-as-required\" accept=\".pdf,.doc,.docx\" aria-required=\"true\" aria-invalid=\"false\" type=\"file\" name=\"file-274\" \/><\/span><\/label>\n\t\t<\/p>\n\t<\/div>\n<\/div>\n<div class=\"fila\">\n\t<div class=\"col-1\">\n\t\t<p><b>INFORMACI\u00d3N B\u00c1SICA SOBRE PROTECCI\u00d3N DE DATOS<\/b>\n\t\t<\/p>\n\t\t<p>Responsable: ASOCIACI\u00d3N CIDAD\u00c1 PARA A LOITA CONTRA DROGAS \u201cALBORADA\u201d<br \/>\nDelegado de Protecci\u00f3n de Datos: DOSAES GROUP, S.L. \u2013 Correo electr\u00f3nico: info@dosaesgroup.com<br \/>\nFinalidades: Recopilar os CV dos interesados en traballar na nosa asociaci\u00f3n.<br \/>\nDereitos: Acceder, rectificar e suprimir os datos, as\u00ed como outros dereitos, segundo se explica na informaci\u00f3n adicional\n\t\t<\/p>\n\t\t<p><span class=\"wpcf7-form-control-wrap\" data-name=\"acceptance-279\"><span class=\"wpcf7-form-control wpcf7-acceptance\"><span class=\"wpcf7-list-item\"><input type=\"checkbox\" name=\"acceptance-279\" value=\"1\" aria-invalid=\"false\" \/><\/span><\/span><\/span> Lin e acepto a <a target=\"_blank\" rel=\"nofollow noopener noreferrer\" href=\"\/gl\/politica-de-privacidad\">Pol\u00edtica de privacidade<\/a>\n\t\t<\/p>\n\t<\/div>\n<\/div>\n<div class=\"fila\">\n\t<div class=\"col-1\">\n\t\t<p><input class=\"wpcf7-form-control wpcf7-submit has-spinner\" type=\"submit\" value=\"Enviar mensaxe\" \/>\n\t\t<\/p>\n\t<\/div>\n<\/div><div class=\"wpcf7-response-output\" aria-hidden=\"true\"><\/div>\n<\/form>\n<\/div>\n\n<p>[\/et_pb_text][\/et_pb_column][\/et_pb_row][\/et_pb_section]<\/p>\n","protected":false},"excerpt":{"rendered":"<p>Inicio \/ EmpregoEmpregoEnv\u00edanos o teu CV a trav\u00e9s do seguinte formulario.\n<div class=\"wpcf7 no-js\" id=\"wpcf7-f1986-o2\" lang=\"gl-ES\" dir=\"ltr\" data-wpcf7-id=\"1986\">\n<div class=\"screen-reader-response\"><p role=\"status\" aria-live=\"polite\" aria-atomic=\"true\"><\/p> <ul><\/ul><\/div>\n<form action=\"\/gl\/wp-json\/wp\/v2\/pages\/1844#wpcf7-f1986-o2\" method=\"post\" class=\"wpcf7-form init\" aria-label=\"Formulario de contacto\" enctype=\"multipart\/form-data\" novalidate=\"novalidate\" data-status=\"init\">\n<fieldset class=\"hidden-fields-container\"><input type=\"hidden\" name=\"_wpcf7\" value=\"1986\" \/><input type=\"hidden\" name=\"_wpcf7_version\" value=\"6.1.4\" \/><input type=\"hidden\" name=\"_wpcf7_locale\" value=\"gl_ES\" \/><input type=\"hidden\" name=\"_wpcf7_unit_tag\" value=\"wpcf7-f1986-o2\" \/><input type=\"hidden\" name=\"_wpcf7_container_post\" value=\"0\" \/><input type=\"hidden\" name=\"_wpcf7_posted_data_hash\" value=\"\" \/>\n<\/fieldset>\n<div class=\"fila\">\n\t<div class=\"col-1-2\">\n\t\t<p><span class=\"wpcf7-form-control-wrap\" data-name=\"your-name\"><input size=\"40\" maxlength=\"400\" class=\"wpcf7-form-control wpcf7-text\" aria-invalid=\"false\" placeholder=\"Nome (opcional)\" value=\"\" type=\"text\" name=\"your-name\" \/><\/span>\n\t\t<\/p>\n\t<\/div>\n\t<div class=\"col-1-2\">\n\t\t<p><span class=\"wpcf7-form-control-wrap\" data-name=\"apellido\"><input size=\"40\" maxlength=\"400\" class=\"wpcf7-form-control wpcf7-text\" aria-invalid=\"false\" placeholder=\"Apelidos (opcional)\" value=\"\" type=\"text\" name=\"apellido\" \/><\/span>\n\t\t<\/p>\n\t<\/div>\n<\/div>\n<div class=\"fila\">\n\t<div class=\"col-1-2\">\n\t\t<p><span class=\"wpcf7-form-control-wrap\" data-name=\"your-email\"><input size=\"40\" maxlength=\"400\" class=\"wpcf7-form-control wpcf7-email wpcf7-text wpcf7-validates-as-email\" aria-invalid=\"false\" placeholder=\"Email (opcional)\" value=\"\" type=\"email\" name=\"your-email\" \/><\/span>\n\t\t<\/p>\n\t<\/div>\n\t<div class=\"col-1-2\">\n\t\t<p><span class=\"wpcf7-form-control-wrap\" data-name=\"tel-750\"><input size=\"40\" maxlength=\"400\" class=\"wpcf7-form-control wpcf7-tel wpcf7-text wpcf7-validates-as-tel\" aria-invalid=\"false\" placeholder=\"Tel\u00e9fono (opcional)\" value=\"\" type=\"tel\" name=\"tel-750\" \/><\/span>\n\t\t<\/p>\n\t<\/div>\n<\/div>\n<div class=\"fila\">\n\t<div class=\"col-1\">\n\t\t<p><span class=\"wpcf7-form-control-wrap\" data-name=\"your-message\"><textarea cols=\"40\" rows=\"10\" maxlength=\"2000\" class=\"wpcf7-form-control wpcf7-textarea\" aria-invalid=\"false\" placeholder=\"Carta de presentaci\u00f3n (opcional)\" name=\"your-message\"><\/textarea><\/span>\n\t\t<\/p>\n\t<\/div>\n<\/div>\n<div class=\"fila\">\n\t<div class=\"col-1\">\n\t\t<p><label> Adxunta aqu\u00ed o teu curriculo (Tama\u00f1o m\u00e1ximo: 10MB | formatos aceptados: .pdf, .doc, .docx)<br \/>\n<span class=\"wpcf7-form-control-wrap\" data-name=\"file-274\"><input size=\"40\" class=\"wpcf7-form-control wpcf7-file wpcf7-validates-as-required\" accept=\".pdf,.doc,.docx\" aria-required=\"true\" aria-invalid=\"false\" type=\"file\" name=\"file-274\" \/><\/span><\/label>\n\t\t<\/p>\n\t<\/div>\n<\/div>\n<div class=\"fila\">\n\t<div class=\"col-1\">\n\t\t<p><b>INFORMACI\u00d3N B\u00c1SICA SOBRE PROTECCI\u00d3N DE DATOS<\/b>\n\t\t<\/p>\n\t\t<p>Responsable: ASOCIACI\u00d3N CIDAD\u00c1 PARA A LOITA CONTRA DROGAS \u201cALBORADA\u201d<br \/>\nDelegado de Protecci\u00f3n de Datos: DOSAES GROUP, S.L. \u2013 Correo electr\u00f3nico: info@dosaesgroup.com<br \/>\nFinalidades: Recopilar os CV dos interesados en traballar na nosa asociaci\u00f3n.<br \/>\nDereitos: Acceder, rectificar e suprimir os datos, as\u00ed como outros dereitos, segundo se explica na informaci\u00f3n adicional\n\t\t<\/p>\n\t\t<p><span class=\"wpcf7-form-control-wrap\" data-name=\"acceptance-279\"><span class=\"wpcf7-form-control wpcf7-acceptance\"><span class=\"wpcf7-list-item\"><input type=\"checkbox\" name=\"acceptance-279\" value=\"1\" aria-invalid=\"false\" \/><\/span><\/span><\/span> Lin e acepto a <a target=\"_blank\" rel=\"nofollow noopener noreferrer\" href=\"\/gl\/politica-de-privacidad\">Pol\u00edtica de privacidade<\/a>\n\t\t<\/p>\n\t<\/div>\n<\/div>\n<div class=\"fila\">\n\t<div class=\"col-1\">\n\t\t<p><input class=\"wpcf7-form-control wpcf7-submit has-spinner\" type=\"submit\" value=\"Enviar mensaxe\" \/>\n\t\t<\/p>\n\t<\/div>\n<\/div><div class=\"wpcf7-response-output\" aria-hidden=\"true\"><\/div>\n<\/form>\n<\/div>\n<\/p>\n","protected":false},"author":1,"featured_media":0,"parent":0,"menu_order":0,"comment_status":"closed","ping_status":"closed","template":"","meta":{"_et_pb_use_builder":"on","_et_pb_old_content":"","_et_gb_content_width":"","footnotes":""},"class_list":["post-1844","page","type-page","status-publish","hentry"],"yoast_head":"<!-- This site is optimized with the Yoast SEO plugin v26.8 - https:\/\/yoast.com\/product\/yoast-seo-wordpress\/ -->\n<title>Emprego - Alborada<\/title>\n<meta name=\"robots\" content=\"index, follow, max-snippet:-1, max-image-preview:large, max-video-preview:-1\" \/>\n<link rel=\"canonical\" href=\"https:\/\/alborada.org\/gl\/empleo-2\/\" \/>\n<meta property=\"og:locale\" content=\"gl_ES\" \/>\n<meta property=\"og:type\" content=\"article\" \/>\n<meta property=\"og:title\" content=\"Emprego - Alborada\" \/>\n<meta property=\"og:description\" content=\"Inicio \/ EmpregoEmpregoEnv\u00edanos o teu CV a trav\u00e9s do seguinte formulario.\" \/>\n<meta property=\"og:url\" content=\"https:\/\/alborada.org\/gl\/empleo-2\/\" \/>\n<meta property=\"og:site_name\" content=\"Alborada\" \/>\n<meta property=\"article:modified_time\" content=\"2025-04-22T10:46:40+00:00\" \/>\n<meta name=\"twitter:card\" content=\"summary_large_image\" \/>\n<meta name=\"twitter:label1\" content=\"Tempo de lectura\" \/>\n\t<meta name=\"twitter:data1\" content=\"1 minuto\" \/>\n<script type=\"application\/ld+json\" class=\"yoast-schema-graph\">{\"@context\":\"https:\/\/schema.org\",\"@graph\":[{\"@type\":\"WebPage\",\"@id\":\"https:\/\/alborada.org\/gl\/empleo-2\/\",\"url\":\"https:\/\/alborada.org\/gl\/empleo-2\/\",\"name\":\"Emprego - Alborada\",\"isPartOf\":{\"@id\":\"https:\/\/alborada.org\/gl\/#website\"},\"datePublished\":\"2023-03-30T06:54:29+00:00\",\"dateModified\":\"2025-04-22T10:46:40+00:00\",\"breadcrumb\":{\"@id\":\"https:\/\/alborada.org\/gl\/empleo-2\/#breadcrumb\"},\"inLanguage\":\"gl-ES\",\"potentialAction\":[{\"@type\":\"ReadAction\",\"target\":[\"https:\/\/alborada.org\/gl\/empleo-2\/\"]}]},{\"@type\":\"BreadcrumbList\",\"@id\":\"https:\/\/alborada.org\/gl\/empleo-2\/#breadcrumb\",\"itemListElement\":[{\"@type\":\"ListItem\",\"position\":1,\"name\":\"Home\",\"item\":\"https:\/\/alborada.org\/gl\/\"},{\"@type\":\"ListItem\",\"position\":2,\"name\":\"Emprego\"}]},{\"@type\":\"WebSite\",\"@id\":\"https:\/\/alborada.org\/gl\/#website\",\"url\":\"https:\/\/alborada.org\/gl\/\",\"name\":\"Alborada\",\"description\":\"Prevenci\u00f3n y tratamiento de la drogadicci\u00f3n Vigo\",\"potentialAction\":[{\"@type\":\"SearchAction\",\"target\":{\"@type\":\"EntryPoint\",\"urlTemplate\":\"https:\/\/alborada.org\/gl\/?s={search_term_string}\"},\"query-input\":{\"@type\":\"PropertyValueSpecification\",\"valueRequired\":true,\"valueName\":\"search_term_string\"}}],\"inLanguage\":\"gl-ES\"}]}<\/script>\n<!-- \/ Yoast SEO plugin. -->","yoast_head_json":{"title":"Emprego - Alborada","robots":{"index":"index","follow":"follow","max-snippet":"max-snippet:-1","max-image-preview":"max-image-preview:large","max-video-preview":"max-video-preview:-1"},"canonical":"https:\/\/alborada.org\/gl\/empleo-2\/","og_locale":"gl_ES","og_type":"article","og_title":"Emprego - Alborada","og_description":"Inicio \/ EmpregoEmpregoEnv\u00edanos o teu CV a trav\u00e9s do seguinte formulario.","og_url":"https:\/\/alborada.org\/gl\/empleo-2\/","og_site_name":"Alborada","article_modified_time":"2025-04-22T10:46:40+00:00","twitter_card":"summary_large_image","twitter_misc":{"Tempo de lectura":"1 minuto"},"schema":{"@context":"https:\/\/schema.org","@graph":[{"@type":"WebPage","@id":"https:\/\/alborada.org\/gl\/empleo-2\/","url":"https:\/\/alborada.org\/gl\/empleo-2\/","name":"Emprego - Alborada","isPartOf":{"@id":"https:\/\/alborada.org\/gl\/#website"},"datePublished":"2023-03-30T06:54:29+00:00","dateModified":"2025-04-22T10:46:40+00:00","breadcrumb":{"@id":"https:\/\/alborada.org\/gl\/empleo-2\/#breadcrumb"},"inLanguage":"gl-ES","potentialAction":[{"@type":"ReadAction","target":["https:\/\/alborada.org\/gl\/empleo-2\/"]}]},{"@type":"BreadcrumbList","@id":"https:\/\/alborada.org\/gl\/empleo-2\/#breadcrumb","itemListElement":[{"@type":"ListItem","position":1,"name":"Home","item":"https:\/\/alborada.org\/gl\/"},{"@type":"ListItem","position":2,"name":"Emprego"}]},{"@type":"WebSite","@id":"https:\/\/alborada.org\/gl\/#website","url":"https:\/\/alborada.org\/gl\/","name":"Alborada","description":"Prevenci\u00f3n y tratamiento de la drogadicci\u00f3n Vigo","potentialAction":[{"@type":"SearchAction","target":{"@type":"EntryPoint","urlTemplate":"https:\/\/alborada.org\/gl\/?s={search_term_string}"},"query-input":{"@type":"PropertyValueSpecification","valueRequired":true,"valueName":"search_term_string"}}],"inLanguage":"gl-ES"}]}},"_links":{"self":[{"href":"https:\/\/alborada.org\/gl\/wp-json\/wp\/v2\/pages\/1844","targetHints":{"allow":["GET"]}}],"collection":[{"href":"https:\/\/alborada.org\/gl\/wp-json\/wp\/v2\/pages"}],"about":[{"href":"https:\/\/alborada.org\/gl\/wp-json\/wp\/v2\/types\/page"}],"author":[{"embeddable":true,"href":"https:\/\/alborada.org\/gl\/wp-json\/wp\/v2\/users\/1"}],"replies":[{"embeddable":true,"href":"https:\/\/alborada.org\/gl\/wp-json\/wp\/v2\/comments?post=1844"}],"version-history":[{"count":4,"href":"https:\/\/alborada.org\/gl\/wp-json\/wp\/v2\/pages\/1844\/revisions"}],"predecessor-version":[{"id":2491,"href":"https:\/\/alborada.org\/gl\/wp-json\/wp\/v2\/pages\/1844\/revisions\/2491"}],"wp:attachment":[{"href":"https:\/\/alborada.org\/gl\/wp-json\/wp\/v2\/media?parent=1844"}],"curies":[{"name":"wp","href":"https:\/\/api.w.org\/{rel}","templated":true}]}}